{"id":6,"date":"2024-05-16T09:00:49","date_gmt":"2024-05-16T06:00:49","guid":{"rendered":"https:\/\/gesgroup.az\/?page_id=6"},"modified":"2025-10-13T23:37:58","modified_gmt":"2025-10-13T20:37:58","slug":"ana-s%c9%99hif%c9%99","status":"publish","type":"page","link":"https:\/\/gesgroup.az\/en\/","title":{"rendered":"Ana s\u0259hif\u0259"},"content":{"rendered":"<div class=\"wp-block-uagb-container uagb-block-a51a7e4d alignfull uagb-is-root-container\"><div class=\"n2-section-smartslider fitvidsignore  n2_clear\" data-ssid=\"2\" tabindex=\"0\" role=\"region\" aria-label=\"Slider\"><div id=\"n2-ss-2-align\" class=\"n2-ss-align\"><div class=\"n2-padding\"><div id=\"n2-ss-2\" data-creator=\"Smart Slider 3\" data-responsive=\"fullwidth\" class=\"n2-ss-slider n2-ow n2-has-hover n2notransition\">\n        <div class=\"n2-ss-slider-1 n2_ss__touch_element n2-ow\">\n            <div class=\"n2-ss-slider-2 n2-ow\">\n                                                <div class=\"n2-ss-slider-3 n2-ow\">\n\n                    <div class=\"n2-ss-slide-backgrounds n2-ow-all\"><div class=\"n2-ss-slide-background\" data-public-id=\"1\" data-mode=\"fill\"><div class=\"n2-ss-slide-background-image\" data-blur=\"0\" data-opacity=\"100\" data-x=\"50\" data-y=\"50\" data-alt=\"\" data-title=\"\"><picture class=\"skip-lazy\" data-skip-lazy=\"1\"><img decoding=\"async\" src=\"\/\/gesgroup.az\/wp-content\/uploads\/slider\/cache\/be216134ec9d08423952a37346943f0b\/anaseife.jpg\" alt=\"\" title=\"\" loading=\"lazy\" class=\"skip-lazy\" data-skip-lazy=\"1\"><\/picture><\/div><div data-color=\"RGBA(255,255,255,0)\" style=\"background-color: RGBA(255,255,255,0);\" class=\"n2-ss-slide-background-color\"><\/div><\/div><\/div>                    <div class=\"n2-ss-slider-4 n2-ow\">\n                        <svg xmlns=\"http:\/\/www.w3.org\/2000\/svg\" viewbox=\"0 0 1920 900\" data-related-device=\"desktopPortrait\" class=\"n2-ow n2-ss-preserve-size n2-ss-preserve-size--slider n2-ss-slide-limiter\"><\/svg><div data-first=\"1\" data-slide-duration=\"0\" data-id=\"4\" data-slide-public-id=\"1\" data-title=\"1\" class=\"n2-ss-slide n2-ow  n2-ss-slide-4\"><div role=\"note\" class=\"n2-ss-slide--focus\" tabindex=\"-1\">1<\/div><div class=\"n2-ss-layers-container n2-ss-slide-limiter n2-ow\"><div class=\"n2-ss-layer n2-ow n-uc-BHCAWm2I1cGf\" data-sstype=\"slide\" data-pm=\"default\"><div class=\"n2-ss-layer n2-ow n-uc-uMJDm542AYZR\" data-pm=\"default\" data-sstype=\"content\" data-hasbackground=\"0\"><div class=\"n2-ss-section-main-content n2-ss-layer-with-background n2-ss-layer-content n2-ow n-uc-uMJDm542AYZR-inner\"><div class=\"n2-ss-layer n2-ow n-uc-JAlDeIUMa1Mo\" data-pm=\"normal\" data-sstype=\"layer\"><div id=\"n2-ss-2item1\" class=\"n2-font-e4f041c4f6d607b179e2f69f1d4ed174-hover   n2-ss-item-content n2-ss-text n2-ow\" style=\"display:block;\">We are Building <br>the Future.<br><br><\/div><\/div><div class=\"n2-ss-layer n2-ow buttonam n-uc-b4TfRmRNQUX0 n2-ss-layer--auto\" data-pm=\"normal\" data-sstype=\"layer\"><div class=\"n2-ss-button-container n2-ss-item-content n2-ow n2-font-f4e28a839e41e4fbadda6068c0af9da1-link  n2-ss-nowrap n2-ss-button-container--non-full-width\"><a class=\"n2-style-aa55d51be6f01d0bb8860b06d73f0bff-heading  n2-ow\" href=\"https:\/\/gesgroup.az\/en\/elaq%C9%99\/\"><div><div>CONTACT US<\/div><\/div><\/a><\/div><\/div><\/div><\/div><\/div><\/div><\/div>                    <\/div>\n\n                                    <\/div>\n            <\/div>\n        <\/div>\n        <\/div><ss3-loader><\/ss3-loader><\/div><\/div><div class=\"n2_clear\"><\/div><\/div><\/div>\n\n\n\n<div class=\"wp-block-uagb-container uag-hide-tab uag-hide-mob uagb-block-4b787959 alignfull uagb-is-root-container\"><div class=\"uagb-container-inner-blocks-wrap\">\n<div class=\"wp-block-uagb-container uagb-block-e833f840\">\n<div class=\"wp-block-uagb-advanced-heading uagb-block-cf6c2589\"><h2 class=\"uagb-heading-text\">ABOUT US<\/h2><\/div>\n\n\n\n<p>\u00a0 \u00a0GES group<strong>\u00a0&#8211;<em>\u00a0<\/em><\/strong>has played an important role in the implementation of many projects in Azerbaijan. Among them, the installation of door and window systems in the national leader Heydar Aliyev's house museum in Absheron district and the headquarters of the New Azerbaijan Party, covering the administrative building of the State Traffic Police with polyurethane coating, reconstruction of the Palace of Culture named after \"Shahriyar\", equipping the Olympic Sports Complex in Mashtaga with a transparent facade system, During the restoration of the \"Tazapir\" mosque, the installation of the \"skylight\" dome system consisting of four layers of glass, as well as the \"Khagani\" shopping center, \"Pal Zileri\", \"GUESS\", \"Etro\", \"Burberry\", etc. Examples include the installation of private display systems in the boutique shops of world-famous brands such as Baku, participation in the construction of sales centers belonging to the \"Beko\" and \"Neptun\" chain stores, as well as the construction of branches of \"Azerdamiryolbank\" in the regions.<\/p>\n<\/div>\n\n\n\n<div class=\"wp-block-uagb-container uagb-block-5b79ab55\">\n<figure class=\"wp-block-image size-full is-resized\"><img loading=\"lazy\" decoding=\"async\" width=\"960\" height=\"1280\" src=\"https:\/\/gesgroup.az\/wp-content\/uploads\/2025\/10\/bina2.jpeg\" alt=\"\" class=\"wp-image-1005\" style=\"width:auto;height:550px\" srcset=\"https:\/\/gesgroup.az\/wp-content\/uploads\/2025\/10\/bina2.jpeg 960w, https:\/\/gesgroup.az\/wp-content\/uploads\/2025\/10\/bina2-225x300.jpeg 225w, https:\/\/gesgroup.az\/wp-content\/uploads\/2025\/10\/bina2-768x1024.jpeg 768w, https:\/\/gesgroup.az\/wp-content\/uploads\/2025\/10\/bina2-9x12.jpeg 9w\" sizes=\"auto, (max-width: 960px) 100vw, 960px\" \/><\/figure>\n<\/div>\n<\/div><\/div>\n\n\n\n<div class=\"wp-block-uagb-container uag-hide-desktop uagb-block-ba229692 alignfull uagb-is-root-container\"><div class=\"uagb-container-inner-blocks-wrap\">\n<div class=\"wp-block-uagb-container uagb-block-ffcec056\">\n<div class=\"wp-block-uagb-advanced-heading uagb-block-cbd1cf68\"><h2 class=\"uagb-heading-text\">ABOUT US<\/h2><\/div>\n\n\n\n<p>\u00a0 \u00a0GES group<strong>\u00a0&#8211;<em>\u00a0<\/em><\/strong>has played an important role in the implementation of many projects in Azerbaijan. Among them, the installation of door and window systems in the national leader Heydar Aliyev's house museum in Absheron district and the headquarters of the New Azerbaijan Party, covering the administrative building of the State Traffic Police with polyurethane coating, reconstruction of the Palace of Culture named after \"Shahriyar\", equipping the Olympic Sports Complex in Mashtaga with a transparent facade system, During the restoration of the \"Tazapir\" mosque, the installation of the \"skylight\" dome system consisting of four layers of glass, as well as the \"Khagani\" shopping center, \"Pal Zileri\", \"GUESS\", \"Etro\", \"Burberry\", etc. Examples include the installation of private display systems in the boutique shops of world-famous brands such as Baku, participation in the construction of sales centers belonging to the \"Beko\" and \"Neptun\" chain stores, as well as the construction of branches of \"Azerdamiryolbank\" in the regions.<\/p>\n<\/div>\n\n\n\n<div class=\"wp-block-uagb-container uagb-block-338e41a1\">\n<figure class=\"wp-block-image size-full\"><img loading=\"lazy\" decoding=\"async\" width=\"960\" height=\"1280\" src=\"https:\/\/gesgroup.az\/wp-content\/uploads\/2025\/10\/bina2.jpeg\" alt=\"\" class=\"wp-image-1005\" style=\"object-fit:cover\" srcset=\"https:\/\/gesgroup.az\/wp-content\/uploads\/2025\/10\/bina2.jpeg 960w, https:\/\/gesgroup.az\/wp-content\/uploads\/2025\/10\/bina2-225x300.jpeg 225w, https:\/\/gesgroup.az\/wp-content\/uploads\/2025\/10\/bina2-768x1024.jpeg 768w, https:\/\/gesgroup.az\/wp-content\/uploads\/2025\/10\/bina2-9x12.jpeg 9w\" sizes=\"auto, (max-width: 960px) 100vw, 960px\" \/><\/figure>\n<\/div>\n<\/div><\/div>\n\n\n\n<div class=\"wp-block-uagb-container uag-hide-tab uag-hide-mob uagb-block-c2dd9fb1 alignfull uagb-is-root-container\"><div class=\"uagb-container-inner-blocks-wrap\">\n<div class=\"wp-block-uagb-container uagb-block-e6981d94\">\n<figure class=\"wp-block-image size-full is-resized\"><img loading=\"lazy\" decoding=\"async\" width=\"690\" height=\"836\" src=\"https:\/\/gesgroup.az\/wp-content\/uploads\/2024\/05\/\u0414\u0438\u0437\u0430\u0439\u043d-\u0431\u0435\u0437-\u043d\u0430\u0437\u0432\u0430\u043d\u0438\u044f-26.jpg\" alt=\"\" class=\"wp-image-744\" style=\"width:auto;height:699px\" srcset=\"https:\/\/gesgroup.az\/wp-content\/uploads\/2024\/05\/\u0414\u0438\u0437\u0430\u0439\u043d-\u0431\u0435\u0437-\u043d\u0430\u0437\u0432\u0430\u043d\u0438\u044f-26.jpg 690w, https:\/\/gesgroup.az\/wp-content\/uploads\/2024\/05\/\u0414\u0438\u0437\u0430\u0439\u043d-\u0431\u0435\u0437-\u043d\u0430\u0437\u0432\u0430\u043d\u0438\u044f-26-248x300.jpg 248w, https:\/\/gesgroup.az\/wp-content\/uploads\/2024\/05\/\u0414\u0438\u0437\u0430\u0439\u043d-\u0431\u0435\u0437-\u043d\u0430\u0437\u0432\u0430\u043d\u0438\u044f-26-10x12.jpg 10w\" sizes=\"auto, (max-width: 690px) 100vw, 690px\" \/><\/figure>\n<\/div>\n\n\n\n<div class=\"wp-block-uagb-container uagb-block-84229756\">\n<div class=\"wp-block-uagb-advanced-heading uagb-block-22cf8a91\"><h2 class=\"uagb-heading-text\">OUR SERVICES<\/h2><\/div>\n\n\n\n<ul>\n<li>Capital construction<\/li>\n<li>Aluminum and PVC doors-panes<\/li>\n<li>SKYLIGHT \" systems from glass and polycarbona<\/li>\n<li>Aluminum composite panels<\/li>\n<li>Decorative polyurethane facades<\/li>\n<li>Decorative citropan facades<\/li>\n<li>Construction of swimming pools<\/li>\n<li>Opening and closing covers for swimming pools<\/li>\n<li>Design and construction of Winter Gardens<\/li>\n<li>Wrought iron handicrafts (railings, gates, bars)<\/li>\n<li>Sheds, logs, and garages<\/li>\n<li>Various metal structures<\/li>\n<\/ul>\n<p>The exhibition stand of GES group won the nomination \"The most beautiful stand\" among more than 200 participating companies at the International Construction Exhibition (Baku Build-2006) held in the Sports-Concert Complex named after Heydar Aliyev in 2006.<\/p>\n\n\n\n<div class=\"wp-block-uagb-buttons uagb-buttons__outer-wrap uagb-btn__default-btn uagb-btn-tablet__default-btn uagb-btn-mobile__default-btn uagb-block-5116c053\"><div class=\"uagb-buttons__wrap uagb-buttons-layout-wrap\">\n<div class=\"wp-block-uagb-buttons-child uagb-buttons__outer-wrap uagb-block-aae0931b wp-block-button\"><div class=\"uagb-button__wrapper\"><a class=\"uagb-buttons-repeater wp-block-button__link\" aria-label=\"\" href=\"https:\/\/gesgroup.az\/en\/elaq%C9%99\/\" rel=\"follow noopener\" target=\"_blank\" role=\"button\"><div class=\"uagb-button__link\">CONTACT US<\/div><\/a><\/div><\/div>\n<\/div><\/div>\n<\/div>\n<\/div><\/div>\n\n\n\n<div class=\"wp-block-uagb-container uag-hide-desktop uagb-block-3d8f5fcb alignfull uagb-is-root-container\"><div class=\"uagb-container-inner-blocks-wrap\">\n<div class=\"wp-block-uagb-container uagb-block-a3020c08\">\n<figure class=\"wp-block-image size-full\"><img loading=\"lazy\" decoding=\"async\" width=\"800\" height=\"600\" src=\"https:\/\/gesgroup.az\/wp-content\/uploads\/2024\/05\/003.webp\" alt=\"\" class=\"wp-image-125\" style=\"object-fit:cover\" srcset=\"https:\/\/gesgroup.az\/wp-content\/uploads\/2024\/05\/003.webp 800w, https:\/\/gesgroup.az\/wp-content\/uploads\/2024\/05\/003-300x225.webp 300w, https:\/\/gesgroup.az\/wp-content\/uploads\/2024\/05\/003-768x576.webp 768w\" sizes=\"auto, (max-width: 800px) 100vw, 800px\" \/><\/figure>\n<\/div>\n\n\n\n<div class=\"wp-block-uagb-container uagb-block-84444387\">\n<div class=\"wp-block-uagb-advanced-heading uagb-block-dd86ed32\"><h2 class=\"uagb-heading-text\">OUR SERVICES<\/h2><\/div>\n\n\n\n<ul>\n<li>Capital construction<\/li>\n<li>Aluminum and PVC doors-panes<\/li>\n<li>SKYLIGHT \" systems from glass and polycarbona<\/li>\n<li>Aluminum composite panels<\/li>\n<li>Decorative polyurethane facades<\/li>\n<li>Decorative citropan facades<\/li>\n<li>Construction of swimming pools<\/li>\n<li>Opening and closing covers for swimming pools<\/li>\n<li>Design and construction of Winter Gardens<\/li>\n<li>Wrought iron handicrafts (railings, gates, bars)<\/li>\n<li>Sheds, logs, and garages<\/li>\n<li>Various metal structures<\/li>\n<\/ul>\n<p>The exhibition stand of GES group won the nomination \"The most beautiful stand\" among more than 200 participating companies at the International Construction Exhibition (Baku Build-2006) held in the Sports-Concert Complex named after Heydar Aliyev in 2006.<\/p>\n\n\n\n<div class=\"wp-block-uagb-buttons uagb-buttons__outer-wrap uagb-btn__default-btn uagb-btn-tablet__default-btn uagb-btn-mobile__default-btn uagb-block-669e6bcc\"><div class=\"uagb-buttons__wrap uagb-buttons-layout-wrap\">\n<div class=\"wp-block-uagb-buttons-child uagb-buttons__outer-wrap uagb-block-58423c5b wp-block-button\"><div class=\"uagb-button__wrapper\"><a class=\"uagb-buttons-repeater wp-block-button__link\" aria-label=\"\" href=\"#\" rel=\"follow noopener\" target=\"_self\" role=\"button\"><div class=\"uagb-button__link\">Biziml\u0259 \u0259laq\u0259<\/div><\/a><\/div><\/div>\n<\/div><\/div>\n<\/div>\n<\/div><\/div>\n\n\n\n<div class=\"wp-block-uagb-container uagb-block-56044d79 alignfull uagb-is-root-container\"><div class=\"uagb-container-inner-blocks-wrap\">\n<div class=\"wp-block-uagb-advanced-heading uagb-block-7882e0ea\"><h2 class=\"uagb-heading-text\">FREQUENTLY ASKED QUESTIONS<\/h2><\/div>\n<\/div><\/div>\n\n\n\n<div class=\"wp-block-uagb-container uagb-block-fc20b7cf alignfull uagb-is-root-container\"><div class=\"uagb-container-inner-blocks-wrap\">\n<div class=\"wp-block-uagb-container uagb-block-6a25696a\"><\/div>\n\n\n\n<div class=\"wp-block-uagb-container uagb-block-e5746c47\">\n<div class=\"wp-block-kadence-accordion alignnone\"><div class=\"kt-accordion-wrap kt-accordion-id6_6aa3bc-00 kt-accordion-has-5-panes kt-active-pane-0 kt-accordion-block kt-pane-header-alignment-left kt-accodion-icon-style-arrow kt-accodion-icon-side-right\" style=\"max-width:none\"><div class=\"kt-accordion-inner-wrap\" data-allow-multiple-open=\"false\" data-start-open=\"none\">\n<div class=\"wp-block-kadence-pane kt-accordion-pane kt-accordion-pane-1 kt-pane6_57904e-43\"><div class=\"kt-accordion-header-wrap\"><button class=\"kt-blocks-accordion-header kt-acccordion-button-label-show\" type=\"button\"><span class=\"kt-blocks-accordion-title-wrap\"><span class=\"kt-blocks-accordion-title\"><strong>What are the areas of activity of GES group?<\/strong><\/span><\/span><span class=\"kt-blocks-accordion-icon-trigger\"><\/span><\/button><\/div><div class=\"kt-accordion-panel kt-accordion-panel-hidden\"><div class=\"kt-accordion-panel-inner\">\n<p>Basic construction, aluminum and PVC doors and windows, \"SKYLIGHT\" systems made of glass and polycarbonate, aluminum composite panels, decorative polyurethane and sytropane facades, construction of swimming pools, swimming pools for retractable covers, design and construction of winter gardens, iron handicrafts and various metal structures.<\/p>\n<\/div><\/div><\/div>\n\n\n\n<div class=\"wp-block-kadence-pane kt-accordion-pane kt-accordion-pane-2 kt-pane6_58f815-f3\"><div class=\"kt-accordion-header-wrap\"><button class=\"kt-blocks-accordion-header kt-acccordion-button-label-show\" type=\"button\"><span class=\"kt-blocks-accordion-title-wrap\"><span class=\"kt-blocks-accordion-title\"><strong>What do we know about the professional staff of GES group?<\/strong><\/span><\/span><span class=\"kt-blocks-accordion-icon-trigger\"><\/span><\/button><\/div><div class=\"kt-accordion-panel kt-accordion-panel-hidden\"><div class=\"kt-accordion-panel-inner\">\n<p>The staff of GES group consists of professional craftsmen and engineers with high experience, who are able to assemble difficult and enjoyable constructions in accordance with the requirements of the modern era.<\/p>\n<\/div><\/div><\/div>\n\n\n\n<div class=\"wp-block-kadence-pane kt-accordion-pane kt-accordion-pane-5 kt-pane6_61e6d0-df\"><div class=\"kt-accordion-header-wrap\"><button class=\"kt-blocks-accordion-header kt-acccordion-button-label-show\" type=\"button\"><span class=\"kt-blocks-accordion-title-wrap\"><span class=\"kt-blocks-accordion-title\"><strong>What are the main advantages of GES group?<\/strong><\/span><\/span><span class=\"kt-blocks-accordion-icon-trigger\"><\/span><\/button><\/div><div class=\"kt-accordion-panel kt-accordion-panel-hidden\"><div class=\"kt-accordion-panel-inner\">\n<p>GES group, with its professional staff, has one of the greatest advantages in executing high-quality construction projects and offering solutions tailored to the requirements of its clients. Among the main advantages:<\/p>\n<ol>\n<li>\n<p>Experienced Staff: GES group's staff consists of professional craftsmen and engineers who are able to assemble difficult and enjoyable constructions according to industry standards.<\/p>\n<\/li>\n<li>\n<p>Extensive Experience: The company has extensive experience in the fields of basic construction works, production and installation of aluminum and PVC doors and windows, installation of glass and polycarbonate \"SKYLIGHT\" systems, decorative facade design, construction of swimming pools, iron handicrafts and various metal structures.<\/p>\n<\/li>\n<li>\n<p>High Quality: GES group offers high quality services according to the requirements of its customers and ensures itself to win the trust of its customers.<\/p>\n<\/li>\n<li>\n<p>Innovative Approach: The company offers innovative solutions that meet the requirements of the modern era and enables its customers to benefit from relevant technologies in their projects.<\/p>\n<\/li>\n<\/ol>\n<p>These advantages play a key role in ensuring the quality of GES group's projects and customer satisfaction.<\/p>\n<\/div><\/div><\/div>\n<\/div><\/div><\/div>\n<\/div>\n\n\n\n<div class=\"wp-block-uagb-container uagb-block-31897fb5\"><\/div>\n<\/div><\/div>","protected":false},"excerpt":{"rendered":"<p>HAQIMIZDA \u00a0 \u00a0GES group\u00a0&#8211;\u00a0Az\u0259rbaycanda bir \u00e7ox layih\u0259l\u0259rin h\u0259yata ke\u00e7irilm\u0259sind\u0259 \u0259h\u0259miyy\u0259tli rol oynay\u0131b. Bunlardan \u00fcmummilli lider Heyd\u0259r \u018fliyevin Ab\u015feron rayonundak\u0131 ev muzeyind\u0259 v\u0259 Yeni Az\u0259rbaycan Partiyas\u0131n\u0131n Ba\u015f g\u0259rargah\u0131 binas\u0131n\u0131n qap\u0131-p\u0259nc\u0259r\u0259 sisteml\u0259rinin qura\u015fd\u0131r\u0131lmas\u0131, Ba\u015f D\u00f6vl\u0259t Yol Polisi inzibati binas\u0131n\u0131n poliuretan \u00f6rt\u00fckl\u0259 \u00fczl\u0259nm\u0259si, &#8220;\u015e\u0259hriyar&#8221; ad\u0131na M\u0259d\u0259n\u0131yy\u0259t Saray\u0131n\u0131n rekonstruksiyas\u0131, Ma\u015fta\u011fadak\u0131 Olimpiya \u0130dman kompleksinin transparant fasad sistemi il\u0259 t\u0259chizat\u0131,\u201dT\u0259z\u0259pir\u201d m\u0259s\u00e7idinin [&hellip;]<\/p>","protected":false},"author":1,"featured_media":0,"parent":0,"menu_order":0,"comment_status":"closed","ping_status":"closed","template":"","meta":{"_uag_custom_page_level_css":"","_swt_meta_header_display":false,"_swt_meta_footer_display":false,"_swt_meta_site_title_display":false,"_swt_meta_sticky_header":false,"_swt_meta_transparent_header":false,"footnotes":""},"class_list":["post-6","page","type-page","status-publish","hentry"],"uagb_featured_image_src":{"full":false,"thumbnail":false,"medium":false,"medium_large":false,"large":false,"1536x1536":false,"2048x2048":false,"trp-custom-language-flag":false,"wpt-testimonial-thumbnail-60":false,"wpt-testimonial-thumbnail-80":false,"wpt-testimonial-thumbnail-100":false,"wpt-testimonial-thumbnail-120":false,"wpt-testimonial-thumbnail-140":false,"wpt-testimonial-thumbnail-200":false,"wpt-testimonial-thumbnail-360":false,"wpt-testimonial-thumbnail-390":false,"wpt-testimonial-thumbnail-460":false,"wpt-testimonial-thumbnail-554":false},"uagb_author_info":{"display_name":"Gesgroup","author_link":"https:\/\/gesgroup.az\/en\/author\/gesgroup\/"},"uagb_comment_info":0,"uagb_excerpt":"HAQIMIZDA \u00a0 \u00a0GES group\u00a0&#8211;\u00a0Az\u0259rbaycanda bir \u00e7ox layih\u0259l\u0259rin h\u0259yata ke\u00e7irilm\u0259sind\u0259 \u0259h\u0259miyy\u0259tli rol oynay\u0131b. Bunlardan \u00fcmummilli lider Heyd\u0259r \u018fliyevin Ab\u015feron rayonundak\u0131 ev muzeyind\u0259 v\u0259 Yeni Az\u0259rbaycan Partiyas\u0131n\u0131n Ba\u015f g\u0259rargah\u0131 binas\u0131n\u0131n qap\u0131-p\u0259nc\u0259r\u0259 sisteml\u0259rinin qura\u015fd\u0131r\u0131lmas\u0131, Ba\u015f D\u00f6vl\u0259t Yol Polisi inzibati binas\u0131n\u0131n poliuretan \u00f6rt\u00fckl\u0259 \u00fczl\u0259nm\u0259si, &#8220;\u015e\u0259hriyar&#8221; ad\u0131na M\u0259d\u0259n\u0131yy\u0259t Saray\u0131n\u0131n rekonstruksiyas\u0131, Ma\u015fta\u011fadak\u0131 Olimpiya \u0130dman kompleksinin transparant fasad sistemi il\u0259 t\u0259chizat\u0131,\u201dT\u0259z\u0259pir\u201d m\u0259s\u00e7idinin&hellip;","rttpg_featured_image_url":null,"rttpg_author":{"display_name":"Gesgroup","author_link":"https:\/\/gesgroup.az\/en\/author\/gesgroup\/"},"rttpg_comment":0,"rttpg_category":null,"rttpg_excerpt":"HAQIMIZDA \u00a0 \u00a0GES group\u00a0&#8211;\u00a0Az\u0259rbaycanda bir \u00e7ox layih\u0259l\u0259rin h\u0259yata ke\u00e7irilm\u0259sind\u0259 \u0259h\u0259miyy\u0259tli rol oynay\u0131b. Bunlardan \u00fcmummilli lider Heyd\u0259r \u018fliyevin Ab\u015feron rayonundak\u0131 ev muzeyind\u0259 v\u0259 Yeni Az\u0259rbaycan Partiyas\u0131n\u0131n Ba\u015f g\u0259rargah\u0131 binas\u0131n\u0131n qap\u0131-p\u0259nc\u0259r\u0259 sisteml\u0259rinin qura\u015fd\u0131r\u0131lmas\u0131, Ba\u015f D\u00f6vl\u0259t Yol Polisi inzibati binas\u0131n\u0131n poliuretan \u00f6rt\u00fckl\u0259 \u00fczl\u0259nm\u0259si, &#8220;\u015e\u0259hriyar&#8221; ad\u0131na M\u0259d\u0259n\u0131yy\u0259t Saray\u0131n\u0131n rekonstruksiyas\u0131, Ma\u015fta\u011fadak\u0131 Olimpiya \u0130dman kompleksinin transparant fasad sistemi il\u0259 t\u0259chizat\u0131,\u201dT\u0259z\u0259pir\u201d m\u0259s\u00e7idinin&hellip;","_links":{"self":[{"href":"https:\/\/gesgroup.az\/en\/wp-json\/wp\/v2\/pages\/6","targetHints":{"allow":["GET"]}}],"collection":[{"href":"https:\/\/gesgroup.az\/en\/wp-json\/wp\/v2\/pages"}],"about":[{"href":"https:\/\/gesgroup.az\/en\/wp-json\/wp\/v2\/types\/page"}],"author":[{"embeddable":true,"href":"https:\/\/gesgroup.az\/en\/wp-json\/wp\/v2\/users\/1"}],"replies":[{"embeddable":true,"href":"https:\/\/gesgroup.az\/en\/wp-json\/wp\/v2\/comments?post=6"}],"version-history":[{"count":98,"href":"https:\/\/gesgroup.az\/en\/wp-json\/wp\/v2\/pages\/6\/revisions"}],"predecessor-version":[{"id":1043,"href":"https:\/\/gesgroup.az\/en\/wp-json\/wp\/v2\/pages\/6\/revisions\/1043"}],"wp:attachment":[{"href":"https:\/\/gesgroup.az\/en\/wp-json\/wp\/v2\/media?parent=6"}],"curies":[{"name":"wp","href":"https:\/\/api.w.org\/{rel}","templated":true}]}}